{"id":11246,"date":"2024-09-17T16:29:31","date_gmt":"2024-09-17T16:29:31","guid":{"rendered":"https:\/\/odon.edu.uy\/nuevo1\/?page_id=11246"},"modified":"2025-09-30T20:12:38","modified_gmt":"2025-09-30T20:12:38","slug":"patologia","status":"publish","type":"page","link":"https:\/\/odon.edu.uy\/sitio\/patologia\/","title":{"rendered":"Departamentos Acad\u00e9micos"},"content":{"rendered":"<div class=\"wpb-content-wrapper\"><p>[vc_row css=&#8221;.vc_custom_1727365730632{margin-top: -150px !important;}&#8221;][vc_column][vc_empty_space height=&#8221;100px&#8221;][\/vc_column][\/vc_row][vc_row][vc_column width=&#8221;2\/3&#8243;][vc_column_text]<\/p>\n<h1>DIAGN\u00d3STICO EN PATOLOG\u00cdA Y MEDICINA ORAL<\/h1>\n<p>[\/vc_column_text][\/vc_column][vc_column width=&#8221;1\/3&#8243;][\/vc_column][\/vc_row][vc_row][vc_column width=&#8221;2\/3&#8243; el_class=&#8221;texto-alineacion-izq&#8221;][vc_column_text]<span style=\"font-weight: 400;\">El departamento aborda la patolog\u00eda bucomaxilofacial desde los diferentes abordajes disciplinares, donde confluyen todas las disciplinas en un diagn\u00f3stico integral del paciente.\u00a0<\/span><\/p>\n<p><span style=\"font-weight: 400;\">El departamento de Diagn\u00f3stico en Patolog\u00eda y Medicina Oral es referente en el pa\u00eds en el \u00e1mbito de la Patolog\u00eda Oral.<\/span><\/p>\n<p><span style=\"font-weight: 400;\">La labor del departamento est\u00e1 dirigida hacia la formaci\u00f3n cient\u00edfica, t\u00e9cnica y asistencial en las ciencias relacionadas con los medios de diagn\u00f3stico, a trav\u00e9s de los laboratorios de: Anatom\u00eda Patol\u00f3gica, Imagenolog\u00eda, Microbiolog\u00eda y Patolog\u00eda Molecular, as\u00ed como de la Cl\u00ednica de Semiolog\u00eda y Patolog\u00eda Estomatol\u00f3gica. <\/span><\/p>\n<p>&nbsp;<\/p>\n<p><strong>Direcci\u00f3n:<\/strong> Prof. Titular Dr. Gainer Jasa <a href=\"https:\/\/odon.edu.uy\/sitio\/wp-content\/uploads\/2024\/12\/jasa.pdf\">CV<\/a>[\/vc_column_text][\/vc_column][vc_column width=&#8221;1\/3&#8243; css=&#8221;.vc_custom_1727700754154{padding-top: -56px !important;}&#8221;][vc_raw_html]JTNDZGl2JTIwc3R5bGUlM0QlMjJiYWNrZ3JvdW5kLWNvbG9yJTNBJTIzZWZmNGY1JTNCJTIwcGFkZGluZyUzQSUyMDIwcHglM0IlMjIlM0UlMEElMDklMEElMDklM0NkaXYlMjBjbGFzcyUzRCUyMnJ0aW4taXRlbSUyMiUyMHN0eWxlJTNEJTIyYmFja2dyb3VuZC1jb2xvciUzQSUyM2VmZjRmNSUzQiUyMiUzRSUwQSUwQSUwOSUwOSUwOSUwOSUwOSUzQ2RpdiUyMGNsYXNzJTNEJTIybWVkaWEtYm9keSUyMHJ0aW4tY29udGVudC1hcmVhJTIyJTNFJTBBJTA5JTA5JTA5JTA5JTA5JTA5JTA5JTNDaDMlM0UlM0NhJTIwaHJlZiUzRCUyMiUyMyUyMiUzRUNPTlRBQ1RPJTNDJTJGYSUzRSUzQyUyRmgzJTNFJTBBJTA5JTA5JTA5JTA5JTA5JTA5JTA5JTNDZGl2JTIwY2xhc3MlM0QlMjJydGluLWNvbnRlbnQlMjIlM0UlMEElMDklMDklMDklMDklMDklMDklMDklM0NwJTNFVGVsJTNBJTIwMjQ4NzMwNDglMjAlM0NiciUzRSUwQSUwOSUwOSUwOSUwOSUwOSUwOSUwOXBhdG9sb2dpYSU0MG9kb24uZWR1LnV5JTNDJTJGcCUzRSUzQyUyRmRpdiUzRSUwQSUwOSUwOSUwOSUwOSUwOSUwOSUzQ2hyJTNFJTBBJTA5JTA5JTA5JTA5JTA5JTNDJTJGZGl2JTNFJTBBJTA5JTA5JTA5JTA5JTA5JTBBJTBBJTA5JTNDJTJGZGl2JTNFJTBBJTNDJTJGZGl2JTNF[\/vc_raw_html][vc_btn title=&#8221;INTEGRANTES&#8221; style=&#8221;custom&#8221; custom_background=&#8221;#017986&#8243; custom_text=&#8221;#ffffff&#8221; shape=&#8221;square&#8221; size=&#8221;lg&#8221; align=&#8221;center&#8221; css_animation=&#8221;none&#8221; button_block=&#8221;true&#8221; link=&#8221;url:https%3A%2F%2Fodon.edu.uy%2Fsitio%2Fintegrantes-diag-patologia-med-oral%2F&#8221; el_class=&#8221;boton-general&#8221;][vc_btn title=&#8221;REGLAMENTO&#8221; style=&#8221;custom&#8221; custom_background=&#8221;#017986&#8243; custom_text=&#8221;#ffffff&#8221; shape=&#8221;square&#8221; size=&#8221;lg&#8221; align=&#8221;center&#8221; css_animation=&#8221;none&#8221; button_block=&#8221;true&#8221; link=&#8221;url:https%3A%2F%2Fodon.edu.uy%2Fsitio%2Fwp-content%2Fuploads%2F2025%2F07%2FReglamento-departamentalizacion.pdf|target:_blank&#8221; el_class=&#8221;boton-general&#8221;][vc_btn title=&#8221;RESOLUCI\u00d3N&#8221; style=&#8221;custom&#8221; custom_background=&#8221;#017986&#8243; custom_text=&#8221;#ffffff&#8221; shape=&#8221;square&#8221; size=&#8221;lg&#8221; align=&#8221;center&#8221; css_animation=&#8221;none&#8221; button_block=&#8221;true&#8221; link=&#8221;url:https%3A%2F%2Fodon.edu.uy%2Fsitio%2Fwp-content%2Fuploads%2F2025%2F07%2FResolucion-reglamento-Departamentalizacion.pdf|target:_blank&#8221; el_class=&#8221;boton-general&#8221;][\/vc_column][\/vc_row][vc_row][vc_column][vc_empty_space height=&#8221;50px&#8221;][vc_column_text]<\/p>\n<h2>SUBUNIDADES<\/h2>\n<p>[\/vc_column_text][vc_tta_tour shape=&#8221;square&#8221; color=&#8221;turquoise&#8221; tab_position=&#8221;right&#8221; alignment=&#8221;right&#8221; active_section=&#8221;1&#8243; el_class=&#8221;mostrar_en_mobile;mostrar_en_web&#8221;][vc_tta_section title=&#8221;Anatom\u00eda Patol\u00f3gica&#8221; tab_id=&#8221;anatomia-pat&#8221;][vc_column_text]<\/p>\n<h3>ANATOM\u00cdA PATOL\u00d3GICA<\/h3>\n<p>[\/vc_column_text][vc_column_text]<span style=\"font-weight: 400;\">La subunidad de Anatom\u00eda Patol\u00f3gica cuenta con un laboratorio que ofrece servicio a la poblaci\u00f3n en el estudio de las causas, el desarrollo y las consecuencias de las enfermedades, aportando al diagn\u00f3stico en el \u00e1rea espec\u00edfica del conocimiento estomatol\u00f3gico.\u00a0<\/span><\/p>\n<p><span style=\"font-weight: 400;\">Adem\u00e1s de brindar servicio asistencial en la facultad, el laboratorio trabaja con instituciones hospitalarias p\u00fablicas y privadas, as\u00ed como con profesionales odont\u00f3logas y odont\u00f3logos en su pr\u00e1ctica general y con cirujanos maxilofaciales en la pr\u00e1ctica de su especialidad, particularmente, en el diagn\u00f3stico de las patolog\u00edas de cabeza y de cuello.<\/span><\/p>\n<p><span style=\"font-weight: 400;\">El laboratorio cuenta con la infraestructura para los procesamientos de anatom\u00eda patol\u00f3gica, histoqu\u00edmica e inmunohistoqu\u00edmica.\u00a0\u00a0<\/span><\/p>\n<p><strong>Referente:<\/strong> Profa. Titular Dra. Ver\u00f3nica Beovide<\/p>\n<p><strong>Servicio de biopsias &#8211; Laboratorio de Anatom\u00eda Patol\u00f3gica<\/strong><\/p>\n<p>Lunes a viernes de 9 a 16 h. | labanatpatologica@odon.edu.uy | 24873048 int. 145[\/vc_column_text][vc_raw_html]JTVCV1BTTV9BQyUyMGlkJTNEMTI3MTYlNUQ=[\/vc_raw_html][\/vc_tta_section][vc_tta_section title=&#8221;Patolog\u00eda Molecular Estomatol\u00f3gica&#8221; tab_id=&#8221;pato-mol&#8221;][vc_column_text]<\/p>\n<h3>PATOLOG\u00cdA MOLECULAR ESTOMATOL\u00d3GICA<\/h3>\n<p>[\/vc_column_text][vc_column_text]<span style=\"font-weight: 400;\">El laboratorio de Patolog\u00eda Molecular Estomatol\u00f3gica aborda una disciplina emergente en el campo de la patolog\u00eda, la cual se enfoca en el estudio y en el diagn\u00f3stico de la enfermedad a trav\u00e9s de la examinaci\u00f3n de mol\u00e9culas en \u00f3rganos, tejidos y fluidos. La Patolog\u00eda Molecular comparte algunos aspectos de anatom\u00eda patol\u00f3gica, patolog\u00eda cl\u00ednica, biolog\u00eda molecular, bioqu\u00edmica, prote\u00f3mica y gen\u00e9tica. Es una materia de naturaleza multidisciplinaria, enfoc\u00e1ndose principalmente en aspectos microsc\u00f3picos de las enfermedades. La Patolog\u00eda Molecular permite, entonces, un diagn\u00f3stico m\u00e1s preciso, ya que el mismo se basa en los cambios morfol\u00f3gicos en los tejidos y en las pruebas moleculares.\u00a0<\/span><\/p>\n<p><span style=\"font-weight: 400;\">El Laboratorio de Patolog\u00eda Molecular Estomatol\u00f3gica trabaja la anatom\u00eda patol\u00f3gica y la medicina bucal bajo un enfoque molecular, apoy\u00e1ndose en t\u00e9cnicas de inmunohistoqu\u00edmica, western blot y reacci\u00f3n en cadena de la polimerasa.<\/span><\/p>\n<p>El laboratorio integra el\u00a0<a href=\"https:\/\/odon.edu.uy\/sitio\/grupo-csic-patologia-y-morfologia-molecular-en-estomatologia\/\" target=\"_blank\" rel=\"noopener\">Grupo CSIC de Patolog\u00eda y Morfolog\u00eda Molecular en Estomatolog\u00eda<\/a>[\/vc_column_text][vc_raw_html]JTVCV1BTTV9BQyUyMGlkJTNEMTI3MzclNUQ=[\/vc_raw_html][vc_column_text]<strong>Referente: <\/strong>Prof. Titular Dr. Ronell Bologna CV<\/p>\n<p>Piso 3 | 24873048 int. 162 | <a href=\"mailto:patomol@odon.edu.uy\">patomol@odon.edu.uy<\/a>[\/vc_column_text][\/vc_tta_section][vc_tta_section title=&#8221;Fisiopatolog\u00eda&#8221; tab_id=&#8221;fisiopatologia&#8221;][vc_column_text]<\/p>\n<h3>FISIOPATOLOG\u00cdA<\/h3>\n<p>[\/vc_column_text][vc_column_text]<span style=\"font-weight: 400;\">La subunidad de Fisiopatolog\u00eda est\u00e1 orientada al estudio de los mecanismos generadores de una alteraci\u00f3n funcional, as\u00ed como la etiolog\u00eda, la evoluci\u00f3n y la sintomatolog\u00eda de la enfermedad.\u00a0<\/span><\/p>\n<p><span style=\"font-weight: 400;\">De esta forma, la subunidad se propone formar estudiantes capaces de comprender el proceso de la enfermedad a nivel fisiopatol\u00f3gico, conociendo los aspectos b\u00e1sicos de la patolog\u00eda, con una visi\u00f3n integrada de la anatom\u00eda, la histolog\u00eda, la fisiolog\u00eda, y la bioqu\u00edmica.\u00a0\u00a0<\/span><\/p>\n<p><strong>Referente: <\/strong>Profa. Titular Dra. Vanesa Pereira<\/p>\n<p><a href=\"mailto:fisiopatologia@odon.edu.uy\">fisiopatologia@odon.edu.uy<\/a> | Piso 2[\/vc_column_text][\/vc_tta_section][vc_tta_section title=&#8221;Imagenolog\u00eda&#8221; tab_id=&#8221;imagenologia&#8221;][vc_column_text]<\/p>\n<h3>IMAGENOLOG\u00cdA<\/h3>\n<p>[\/vc_column_text][vc_column_text]<span style=\"font-weight: 400;\">La subunidad de Imagenolog\u00eda est\u00e1 conformada por los Servicios de Radiolog\u00eda y de Tomograf\u00eda.<\/span><\/p>\n<p><span style=\"font-weight: 400;\">La imagenolog\u00eda m\u00e9dica se define como el conjunto de t\u00e9cnicas y procedimientos que permiten obtener im\u00e1genes del cuerpo humano con fines cl\u00ednicos y cient\u00edficos. Al respecto, en Imagenolog\u00eda de la Facultad de Odontolog\u00eda se obtienen y se estudian im\u00e1genes del \u00e1rea oral y maxilofacial.<\/span><\/p>\n<p><span style=\"font-weight: 400;\">El gran avance cient\u00edfico y tecnol\u00f3gico actual ha incrementado el papel de la imagenolog\u00eda como un m\u00e9todo de apoyo a los estudios de investigaci\u00f3n cl\u00ednica. El aporte de esta tecnolog\u00eda en formato digital mejora sustancialmente las condiciones para el trabajo de campo de las investigaciones, adem\u00e1s de permitir contar con material almacenable.\u00a0<\/span><\/p>\n<p><span style=\"font-weight: 400;\">La imagenolog\u00eda brinda la oportunidad de desempe\u00f1ar una funci\u00f3n integradora en la educaci\u00f3n de la Odontolog\u00eda, ya que interact\u00faa con \u00e1reas como la cirug\u00eda, la patolog\u00eda y el tratamiento, as\u00ed como con \u00e1reas de las ciencias b\u00e1sicas.<\/span><\/p>\n<p><strong>Referente:<\/strong> Prof. Titular Dr. Gainer Jasa <a href=\"https:\/\/odon.edu.uy\/sitio\/wp-content\/uploads\/2024\/12\/jasa.pdf\">CV<\/a><\/p>\n<h4><b>Servicio de Tomograf\u00eda<\/b><\/h4>\n<p><span style=\"font-weight: 400;\">El Servicio de Tomograf\u00eda cuenta con un equipo de tomograf\u00eda computada de haz c\u00f3nico, el cual comprende un campo de visi\u00f3n para estudiar toda la regi\u00f3n oral y maxilofacial. Con este mismo equipo se obtienen radiograf\u00edas panor\u00e1micas y telerradiograf\u00edas digitales.<\/span><\/p>\n<p><span style=\"font-weight: 400;\">Tambi\u00e9n se dispone de equipos de radiolog\u00eda digital para estudios intraorales, digitales directos e indirectos, como el radiovisi\u00f3grafo y el scanner con placas de f\u00f3sforo.<\/span><\/p>\n<p><a href=\"mailto:tomografo@odon.edu.uy\"><span style=\"font-weight: 400;\">tomografo@odon.edu.uy<\/span><\/a><span style=\"font-weight: 400;\"> | Planta Baja<\/span><\/p>\n<p><span style=\"font-weight: 400;\">Lunes a Viernes\u00a0 de 09 a 12 h. y de<\/span>\u00a014 a 18h.<\/p>\n<p>Martes de 19 a 21 h.<\/p>\n<p>&nbsp;<\/p>\n<h4><b>Servicio de Radiolog\u00eda<\/b><\/h4>\n<p><span style=\"font-weight: 400;\">El Servicio de Radiolog\u00eda lleva a cabo estudios radiogr\u00e1ficos de la regi\u00f3n oral y maxilofacial.<\/span><\/p>\n<p><span style=\"font-weight: 400;\">Se enfoca, adem\u00e1s, en la ense\u00f1anza de la disciplina de imagenolog\u00eda a estudiantes de grado y posgrado. Tambi\u00e9n se procura generar nuevo conocimiento en el \u00e1rea de la imagenolog\u00eda y brindar un servicio de diagn\u00f3stico, mediante im\u00e1genes de calidad a pacientes que concurren a la Facultad de Odontolog\u00eda.\u00a0<\/span><\/p>\n<p><strong>De lunes a viernes: 8 a 12 h. &#8211; 14 a 18 h. &#8211; 19 a 23 h.<\/strong><\/p>\n<p><strong><a href=\"mailto:catedra.radiologia@odon.edu.uy\">catedra.radiologia@odon.edu.uy<\/a> | Planta Baja<\/strong>[\/vc_column_text][\/vc_tta_section][vc_tta_section title=&#8221;Patolog\u00eda y Semiolog\u00eda BMF&#8221; tab_id=&#8221;pato-semiol&#8221;][vc_column_text]<\/p>\n<h3>PATOLOG\u00cdA Y SEMIOLOG\u00cdA BUCOMAXILAR<\/h3>\n<p>[\/vc_column_text][vc_column_text]<span style=\"font-weight: 400;\">La subunidad de Patolog\u00eda y Semiolog\u00eda Bucomaxilar propone el conocimiento de la patolog\u00eda b\u00e1sica general, dentaria e imagenol\u00f3gica para el logro de un diagn\u00f3stico adecuado en el proceso salud-enfermedad.\u00a0<\/span><\/p>\n<p><span style=\"font-weight: 400;\">Asimismo, en esta subunidad se trabaja el conocimiento del protocolo de Historia Cl\u00ednica, as\u00ed como el manejo de las t\u00e9cnicas de imagenolog\u00eda y de los m\u00e9todos histopatol\u00f3gicos para el diagn\u00f3stico odontol\u00f3gico y las opciones de tratamiento.\u00a0<\/span><\/p>\n<p><span style=\"font-weight: 400;\">Esta subunidad lleva adelante la Cl\u00ednica Estomatol\u00f3gica, que recibe derivaciones de pacientes que tienen sintomatolog\u00eda de patolog\u00eda oral.\u00a0<\/span><\/p>\n<p><strong>Cl\u00ednica Estomatol\u00f3gica<\/strong><\/p>\n<p><strong>Martes de 14 a 21 h. | Planta Baja<\/strong><\/p>\n<p><a href=\"https:\/\/agendaweb.udelar.edu.uy\/sae\/agendarReserva\/Paso1\/FODON\/Cl%C3%ADnica+de+Patolog%C3%ADa\">Agenda aqu\u00ed<\/a>[\/vc_column_text][\/vc_tta_section][vc_tta_section title=&#8221;Microbiolog\u00eda&#8221; tab_id=&#8221;microbiologia&#8221;][vc_column_text]<\/p>\n<h3>MICROBIOLOG\u00cdA<\/h3>\n<p>[\/vc_column_text][vc_column_text]<span style=\"font-weight: 400;\">El laboratorio de Microbiolog\u00eda se encuentra bajo la \u00f3rbita del Departamento de Patolog\u00eda y Medicina Oral, encarg\u00e1ndose del estudio de las caracter\u00edsticas morfol\u00f3gicas y fisiol\u00f3gicas de bacterias, virus, hongos, protozoarios y otros agentes infecciosos de la cavidad bucal. Incluye tambi\u00e9n el estudio microbiol\u00f3gico de enfermedades prevalentes de la cavidad oral, como la caries dental y la enfermedad periodontal y c\u00f3mo realizar el diagn\u00f3stico microbiol\u00f3gico de las mismas.<\/span><\/p>\n<p>&nbsp;<\/p>\n<p><strong>Referente: <\/strong>Prof. Adj. Gabriela Morteo<\/p>\n<p><strong><a href=\"mailto:microbiologia@odon.edu.uy\">microbiologia@odon.edu.uy<\/a> | Piso 3<\/strong>[\/vc_column_text][\/vc_tta_section][\/vc_tta_tour][vc_empty_space height=&#8221;50px&#8221;][\/vc_column][\/vc_row][vc_row][vc_column][vc_tta_accordion shape=&#8221;square&#8221; color=&#8221;turquoise&#8221; active_section=&#8221;-1&#8243; collapsible_all=&#8221;true&#8221; el_class=&#8221;acordeon-odon&#8221;][vc_tta_section title=&#8221;Ense\u00f1anza&#8221; tab_id=&#8221;1725027584357-a358c511-5d1f&#8221;][vc_column_text]<span style=\"font-weight: 400;\">El departamento de Diagn\u00f3stico en Patolog\u00eda y Medicina Oral desarrolla actividades de ense\u00f1anza en la carrera de grado de Odontolog\u00eda, y en las carreras tecnol\u00f3gicas de Higienista y Asistente en Odontolog\u00eda. Los cursos abordan la patolog\u00eda bucomaxilofacial, desde niveles b\u00e1sicos a niveles de mayor complejidad.\u00a0<\/span><\/p>\n<p><span style=\"font-weight: 400;\">Cursos brindados por el departamento: Patolog\u00eda 1, Patolog\u00eda 2, Patolog\u00eda 3, Patolog\u00eda 4<\/span><\/p>\n<p><span style=\"font-weight: 400;\">A su vez, el departamento participa en la maestr\u00eda en Ciencias Odontol\u00f3gicas y en cursos de posgrado<\/span>[\/vc_column_text][\/vc_tta_section][vc_tta_section title=&#8221;Investigaci\u00f3n&#8221; tab_id=&#8221;1725027584357-c7ded5a1-f2f7&#8243;][vc_column_text]Las l\u00edneas de investigaci\u00f3n en desarrollo son:<\/p>\n<ul>\n<li>Patolog\u00eda molecular<\/li>\n<li>Anatom\u00eda patol\u00f3gica<\/li>\n<li>Microbiolog\u00eda<\/li>\n<li>Imagenolog\u00eda<\/li>\n<li>Patolog\u00eda, Semiolog\u00eda y Cl\u00ednica Estomatol\u00f3gica<\/li>\n<\/ul>\n<p>[\/vc_column_text][\/vc_tta_section][vc_tta_section title=&#8221;Extensi\u00f3n&#8221; tab_id=&#8221;1725027642047-67bc20fc-7294&#8243;][vc_column_text]El departamento colabora en las acciones de la Unidad de Extensi\u00f3n como la Salud al Parque y la Semana de la Salud Bucal.<\/p>\n<p>En estas actividades, se trabaja en la sensibilizaci\u00f3n y prevenci\u00f3n sobre el c\u00e1ncer bucal, informando acerca de sus factores de riesgo y sobre c\u00f3mo realizar el autoexamen de la boca.[\/vc_column_text][\/vc_tta_section][vc_tta_section title=&#8221;Asistencia&#8221; tab_id=&#8221;1725027645472-411f9483-2a3d&#8221;][vc_column_text]La funci\u00f3n asistencial del departamento se desarrolla a partir de los laboratorios de Anatom\u00eda Patol\u00f3gica y de Microbiolog\u00eda, as\u00ed como de los servicios asistenciales de Imagenolog\u00eda y en la Cl\u00ednica Estomatol\u00f3gica.[\/vc_column_text][\/vc_tta_section][\/vc_tta_accordion][\/vc_column][\/vc_row]<\/p>\n<\/div>","protected":false},"excerpt":{"rendered":"<p>[vc_row css=&#8221;.vc_custom_1727365730632{margin-top: -150px !important;}&#8221;][vc_column][vc_empty_space height=&#8221;100px&#8221;][\/vc_column][\/vc_row][vc_row][vc_column width=&#8221;2\/3&#8243;][vc_column_text] DIAGN\u00d3STICO EN PATOLOG\u00cdA Y MEDICINA ORAL [\/vc_column_text][\/vc_column][vc_column width=&#8221;1\/3&#8243;][\/vc_column][\/vc_row][vc_row][vc_column width=&#8221;2\/3&#8243; el_class=&#8221;texto-alineacion-izq&#8221;][vc_column_text]El departamento aborda la patolog\u00eda bucomaxilofacial desde los diferentes abordajes disciplinares, donde confluyen todas las disciplinas en un diagn\u00f3stico integral del paciente.\u00a0 El departamento de Diagn\u00f3stico en Patolog\u00eda y Medicina Oral es referente en el pa\u00eds en el \u00e1mbito de [&hellip;]<\/p>\n","protected":false},"author":1,"featured_media":0,"parent":0,"menu_order":0,"comment_status":"closed","ping_status":"closed","template":"","meta":{"_vp_format_video_url":"","_vp_image_focal_point":[],"footnotes":""},"categories":[],"tags":[],"class_list":["post-11246","page","type-page","status-publish","hentry"],"_links":{"self":[{"href":"https:\/\/odon.edu.uy\/sitio\/wp-json\/wp\/v2\/pages\/11246","targetHints":{"allow":["GET"]}}],"collection":[{"href":"https:\/\/odon.edu.uy\/sitio\/wp-json\/wp\/v2\/pages"}],"about":[{"href":"https:\/\/odon.edu.uy\/sitio\/wp-json\/wp\/v2\/types\/page"}],"author":[{"embeddable":true,"href":"https:\/\/odon.edu.uy\/sitio\/wp-json\/wp\/v2\/users\/1"}],"replies":[{"embeddable":true,"href":"https:\/\/odon.edu.uy\/sitio\/wp-json\/wp\/v2\/comments?post=11246"}],"version-history":[{"count":49,"href":"https:\/\/odon.edu.uy\/sitio\/wp-json\/wp\/v2\/pages\/11246\/revisions"}],"predecessor-version":[{"id":19429,"href":"https:\/\/odon.edu.uy\/sitio\/wp-json\/wp\/v2\/pages\/11246\/revisions\/19429"}],"wp:attachment":[{"href":"https:\/\/odon.edu.uy\/sitio\/wp-json\/wp\/v2\/media?parent=11246"}],"wp:term":[{"taxonomy":"category","embeddable":true,"href":"https:\/\/odon.edu.uy\/sitio\/wp-json\/wp\/v2\/categories?post=11246"},{"taxonomy":"post_tag","embeddable":true,"href":"https:\/\/odon.edu.uy\/sitio\/wp-json\/wp\/v2\/tags?post=11246"}],"curies":[{"name":"wp","href":"https:\/\/api.w.org\/{rel}","templated":true}]}}