{"id":12833,"date":"2024-10-09T18:13:12","date_gmt":"2024-10-09T18:13:12","guid":{"rendered":"https:\/\/odon.edu.uy\/nuevo1\/?page_id=12833"},"modified":"2025-03-06T14:52:00","modified_gmt":"2025-03-06T14:52:00","slug":"salud-colectiva-area-infancia-y-adolescencia","status":"publish","type":"page","link":"https:\/\/odon.edu.uy\/sitio\/salud-colectiva-area-infancia-y-adolescencia\/","title":{"rendered":"Salud Colectiva | Docencia y Servicio | \u00c1rea Ni\u00f1ez y Adolescencia"},"content":{"rendered":"<div class=\"wpb-content-wrapper\"><p>[vc_row css=&#8221;.vc_custom_1727365730632{margin-top: -150px !important;}&#8221;][vc_column][vc_empty_space height=&#8221;100px&#8221;][\/vc_column][\/vc_row][vc_row][vc_column width=&#8221;2\/3&#8243; el_class=&#8221;texto-alineacion-izq&#8221;][vc_column_text]<\/p>\n<h1>\u00c1REA NI\u00d1EZ Y ADOLESCENCIA<\/h1>\n<p>[\/vc_column_text][vc_tta_tour shape=&#8221;square&#8221; color=&#8221;turquoise&#8221; tab_position=&#8221;right&#8221; alignment=&#8221;right&#8221; active_section=&#8221;1&#8243; title=&#8221;CENTROS DE PR\u00c1CTICA&#8221;][vc_tta_section title=&#8221;Policl\u00ednica del Cerro Yano Rodr\u00edguez&#8221; tab_id=&#8221;1728498780447-42873ee0-6fc3&#8243;][vc_column_text]<span style=\"font-weight: 400;\">Se trata de un policl\u00ednico odontol\u00f3gico de la Intendencia de Montevideo, con la cual la facultad tiene un convenio. En\u00a0 este centro de salud se realizan pr\u00e1cticas dirigidas a ni\u00f1os, ni\u00f1as y adolescentes, as\u00ed\u00a0 como a poblaci\u00f3n adulta. La pr\u00e1ctica en infancia est\u00e1 destinada a ni\u00f1os, ni\u00f1as y adolescentes de 0 a 15 a\u00f1os.\u00a0<\/span><\/p>\n<p><span style=\"font-weight: 400;\">Las actividades se realizan en convenio con la Intendencia de Montevideo.<\/span><\/p>\n<p><span style=\"font-weight: 400;\"><strong>Referentes:<\/strong> Profa. Adj. Dra. Adriana Techera y Asist. Dra. Aldana Fregosi<\/span><\/p>\n<p><span style=\"font-weight: 400;\">Hait\u00ed 1606, Apex Cerro | 23157747<\/span>[\/vc_column_text][vc_single_image image=&#8221;16352&#8243; img_size=&#8221;large&#8221;][\/vc_tta_section][vc_tta_section title=&#8221;Centro Hospitalario Pereira Rossell&#8221; tab_id=&#8221;1728498968771-5eefbaf5-aacc&#8221;][vc_column_text]<span style=\"font-weight: 400;\">En este centro de salud se posibilita el trabajo con equipo interdisciplinario en el diagn\u00f3stico y abordaje terap\u00e9utico en pacientes portadores de diferentes patolog\u00edas. Se capacita a los\/as estudiantes en el desempe\u00f1o\u00a0 de\u00a0 actividades en un centro hospitalario, tanto\u00a0 a\u00a0 nivel\u00a0 de internaci\u00f3n como de las\u00a0 diferentes policl\u00ednicas especializadas de atenci\u00f3n a pacientes ambulatorios.\u00a0<\/span><\/p>\n<p><span style=\"font-weight: 400;\">Las actividades se realizan en convenio con ASSE.\u00a0<\/span><\/p>\n<p><span style=\"font-weight: 400;\"><strong>Referente:<\/strong> Profa. Adj. Adriana Techera\u00a0<\/span><\/p>\n<p><span style=\"font-weight: 400;\">Parque Batlle, Bulevar Artigas 1590<\/span>[\/vc_column_text][vc_single_image image=&#8221;16726&#8243; img_size=&#8221;large&#8221;][\/vc_tta_section][vc_tta_section title=&#8221;Escuela nro.240 Paul Harris&#8221; tab_id=&#8221;1728498989919-1fe4a153-97a8&#8243;][vc_column_text]<span style=\"font-weight: 400;\">Se trabaja con ni\u00f1os y ni\u00f1as con discapacidad intelectual. Se desarrollan actividades asistenciales\u00a0 en el marco\u00a0 de\u00a0 un programa de atenci\u00f3n a la salud bucal, basado en principios de tratamiento no operatorio de la caries dental. Coordina acciones con pasant\u00eda 1.\u00a0<\/span><\/p>\n<p><span style=\"font-weight: 400;\">Las actividades se realizan en convenio con ANEP.<\/span><\/p>\n<p><span style=\"font-weight: 400;\"><strong>Referente:<\/strong> Dra. Estrella Der Boghosian<\/span><\/p>\n<p><span style=\"font-weight: 400;\">Carrasco. Avenida Italia 5589<\/span>[\/vc_column_text][vc_single_image image=&#8221;16723&#8243; img_size=&#8221;large&#8221;][\/vc_tta_section][vc_tta_section title=&#8221;Hogar Don Calabria &#8211; Centro CAIF&#8221; tab_id=&#8221;1728498988126-9ef09ee9-68cd&#8221;][vc_column_text]<span style=\"font-weight: 400;\">En este centro se trabaja\u00a0 con ni\u00f1os y ni\u00f1as de entre 2 y 4 a\u00f1os, a partir de un programa interdisciplinario de atenci\u00f3n integral a la infancia que\u00a0 comprende a: educadores\/as, operadores\/as sociales, profesionales de salud mental y odont\u00f3logas\/os.\u00a0<\/span><\/p>\n<p><span style=\"font-weight: 400;\">Las actividades se realizan en convenio con INAU.<\/span><\/p>\n<p><span style=\"font-weight: 400;\"><strong>Referente:<\/strong> Dra. Estrella Der Boghosian<\/span><\/p>\n<p><span style=\"font-weight: 400;\">Conciliaci\u00f3n, Mill\u00e1n 5650 esq. Gomez Ruano | 2307 9282<\/span>[\/vc_column_text][vc_single_image image=&#8221;16728&#8243; img_size=&#8221;large&#8221;][\/vc_tta_section][vc_tta_section title=&#8221;Cl\u00ednica Asistencial&#8221; tab_id=&#8221;1728498986026-51b589ac-9621&#8243;][vc_column_text]<span style=\"font-weight: 400;\">La Cl\u00ednica Asistencial (CLIAS) realiza una atenci\u00f3n integral a ni\u00f1as, ni\u00f1os y adolescentes beneficiarias\/os de convenios vigentes de la facultad con este programa.\u00a0<\/span><\/p>\n<p><span style=\"font-weight: 400;\"><strong>Referente:<\/strong> Asist. Dra. Ivanna Gugliucci<\/span><\/p>\n<p><span style=\"font-weight: 400;\">Facultad de Odontolog\u00eda, piso 1<\/span>[\/vc_column_text][vc_single_image image=&#8221;16349&#8243; img_size=&#8221;large&#8221;][\/vc_tta_section][\/vc_tta_tour][vc_empty_space][\/vc_column][vc_column width=&#8221;1\/3&#8243; css=&#8221;.vc_custom_1727700754154{padding-top: -56px !important;}&#8221;][vc_raw_html]JTNDZGl2JTIwc3R5bGUlM0QlMjJiYWNrZ3JvdW5kLWNvbG9yJTNBJTIzZWZmNGY1JTNCJTIwcGFkZGluZyUzQSUyMDIwcHglM0IlMjIlM0UlMEElMDklMEElMDklM0NkaXYlMjBjbGFzcyUzRCUyMnJ0aW4taXRlbSUyMiUyMHN0eWxlJTNEJTIyYmFja2dyb3VuZC1jb2xvciUzQSUyM2VmZjRmNSUzQiUyMiUzRSUwQSUwQSUwOSUwOSUwOSUwOSUwOSUzQ2RpdiUyMGNsYXNzJTNEJTIybWVkaWEtYm9keSUyMHJ0aW4tY29udGVudC1hcmVhJTIyJTNFJTBBJTA5JTA5JTA5JTA5JTA5JTA5JTA5JTNDaDMlM0UlM0NhJTIwaHJlZiUzRCUyMiUyMyUyMiUzRSUzQyUyRmElM0UlM0MlMkZoMyUzRSUwQSUwOSUwOSUwOSUwOSUwOSUwOSUwOSUzQ2RpdiUyMGNsYXNzJTNEJTIycnRpbi1jb250ZW50JTIyJTNFJTBBJTA5JTA5JTA5JTA5JTA5JTA5JTA5JTNDcCUzRVRlbCUzQSUyMDI0ODclMjAzMDQ4JTIwaW50LiUyMDEzMCUyMCUzQ2JyJTNFJTBBJTA5JTA5JTA5JTA5JTA5JTA5JTA5JTIwJTIwc2FsdWRjb2xlY3RpdmElNDBvZG9uLmVkdS51eSUzQ2JyJTNFJTBBJTIwJTIwJTIwJTIwJTIwJTIwJTIwJTIwJTIwJTIwJTIwJTIwJTIwJTIwJTIwJTIwJTIwJTIwJTIwJTIwJTIwJTIwJTIwJTIwJTIwJTIwJTIwJTIwJTIwJTIwJTIwJTIwJTIwJTIwJTIwJTIwJTIwJTIwJTIwJTIwJTIwJTIwJTIwJTIwJTIwJTIwJTIwJTIwJTIwJTIwJTIwJTIwJTIwJTIwJTIwJTIwJTIwJTIwZG9jZW5jaWFzZXJ2aWNpbyU0MG9kb24uZWR1LnV5JTNDJTJGcCUzRSUzQyUyRmRpdiUzRSUwQSUwOSUwOSUwOSUwOSUwOSUwOSUzQ2hyJTNFJTBBJTA5JTA5JTA5JTA5JTA5JTNDJTJGZGl2JTNFJTBBJTA5JTA5JTA5JTA5JTA5JTBBJTBBJTA5JTNDJTJGZGl2JTNFJTBBJTNDJTJGZGl2JTNF[\/vc_raw_html][\/vc_column][\/vc_row][vc_row][vc_column][vc_column_text]<\/p>\n<h4>Otros centros de pr\u00e1ctica donde se ha trabajado:<\/h4>\n<p>Policl\u00ednico Casavalle<\/p>\n<p>Policl\u00ednico Jos\u00e9 Pedro Varela (Carrasco)<\/p>\n<p>Liceo 39 (Piedras Blancas)[\/vc_column_text][\/vc_column][\/vc_row]<\/p>\n<\/div>","protected":false},"excerpt":{"rendered":"<p>[vc_row css=&#8221;.vc_custom_1727365730632{margin-top: -150px !important;}&#8221;][vc_column][vc_empty_space height=&#8221;100px&#8221;][\/vc_column][\/vc_row][vc_row][vc_column width=&#8221;2\/3&#8243; el_class=&#8221;texto-alineacion-izq&#8221;][vc_column_text] \u00c1REA NI\u00d1EZ Y ADOLESCENCIA [\/vc_column_text][vc_tta_tour shape=&#8221;square&#8221; color=&#8221;turquoise&#8221; tab_position=&#8221;right&#8221; alignment=&#8221;right&#8221; active_section=&#8221;1&#8243; title=&#8221;CENTROS DE PR\u00c1CTICA&#8221;][vc_tta_section title=&#8221;Policl\u00ednica del Cerro Yano Rodr\u00edguez&#8221; tab_id=&#8221;1728498780447-42873ee0-6fc3&#8243;][vc_column_text]Se trata de un policl\u00ednico odontol\u00f3gico de la Intendencia de Montevideo, con la cual la facultad tiene un convenio. En\u00a0 este centro de salud se realizan pr\u00e1cticas dirigidas a ni\u00f1os, [&hellip;]<\/p>\n","protected":false},"author":1,"featured_media":0,"parent":0,"menu_order":0,"comment_status":"closed","ping_status":"closed","template":"","meta":{"_vp_format_video_url":"","_vp_image_focal_point":[],"footnotes":""},"categories":[],"tags":[],"class_list":["post-12833","page","type-page","status-publish","hentry"],"_links":{"self":[{"href":"https:\/\/odon.edu.uy\/sitio\/wp-json\/wp\/v2\/pages\/12833","targetHints":{"allow":["GET"]}}],"collection":[{"href":"https:\/\/odon.edu.uy\/sitio\/wp-json\/wp\/v2\/pages"}],"about":[{"href":"https:\/\/odon.edu.uy\/sitio\/wp-json\/wp\/v2\/types\/page"}],"author":[{"embeddable":true,"href":"https:\/\/odon.edu.uy\/sitio\/wp-json\/wp\/v2\/users\/1"}],"replies":[{"embeddable":true,"href":"https:\/\/odon.edu.uy\/sitio\/wp-json\/wp\/v2\/comments?post=12833"}],"version-history":[{"count":24,"href":"https:\/\/odon.edu.uy\/sitio\/wp-json\/wp\/v2\/pages\/12833\/revisions"}],"predecessor-version":[{"id":16731,"href":"https:\/\/odon.edu.uy\/sitio\/wp-json\/wp\/v2\/pages\/12833\/revisions\/16731"}],"wp:attachment":[{"href":"https:\/\/odon.edu.uy\/sitio\/wp-json\/wp\/v2\/media?parent=12833"}],"wp:term":[{"taxonomy":"category","embeddable":true,"href":"https:\/\/odon.edu.uy\/sitio\/wp-json\/wp\/v2\/categories?post=12833"},{"taxonomy":"post_tag","embeddable":true,"href":"https:\/\/odon.edu.uy\/sitio\/wp-json\/wp\/v2\/tags?post=12833"}],"curies":[{"name":"wp","href":"https:\/\/api.w.org\/{rel}","templated":true}]}}