{"id":14341,"date":"2024-11-19T15:42:31","date_gmt":"2024-11-19T15:42:31","guid":{"rendered":"https:\/\/odon.edu.uy\/sitio\/?page_id=14341"},"modified":"2025-02-24T13:47:52","modified_gmt":"2025-02-24T13:47:52","slug":"atlas-histologia-preparado-47","status":"publish","type":"page","link":"https:\/\/odon.edu.uy\/sitio\/atlas-histologia-preparado-47\/","title":{"rendered":"ATLAS HISTOLOG\u00cdA &#8211; Preparado 47 \u2013 Lengua (HE)"},"content":{"rendered":"<div class=\"wpb-content-wrapper\"><p>[vc_row][vc_column][vc_column_text]<style>\n       .errordiv { padding:10px; margin:10px; border: 1px solid #555555;color: #000000;background-color: #f8f8f8; width:500px; }#advanced_iframe {visibility:visible;opacity:1;vertical-align:top;}.ai-info-bottom-iframe { position: fixed; z-index: 10000; bottom:0; left: 0; margin: 0px; text-align: center; width: 100%; background-color: #ff9999; padding-left: 5px;padding-bottom: 5px; border-top: 1px solid #aaa } a.ai-bold {font-weight: bold;}#ai-layer-div-advanced_iframe p {height:100%;margin:0;padding:0}<\/style><script type=\"text\/javascript\">var ai_iframe_width_advanced_iframe = 0;var ai_iframe_height_advanced_iframe = 0;function aiReceiveMessageadvanced_iframe(event) {  aiProcessMessage(event,\"advanced_iframe\", \"true\");}if (window.addEventListener) {  window.addEventListener(\"message\", aiReceiveMessageadvanced_iframe);} else if (el.attachEvent)  {  el.attachEvent(\"message\", aiReceiveMessageadvanced_iframe);}var aiOnloadScrollTop=\"true\";var aiShowDebug=false;\n\t\tif (typeof aiReadyCallbacks === 'undefined') {\n\t\t\tvar aiReadyCallbacks = [];\n\t\t} else if (!(aiReadyCallbacks instanceof Array)) {\n\t\t\tvar aiReadyCallbacks = [];\n\t\t}    function aiShowIframeId(id_iframe) { jQuery(\"#\"+id_iframe).css(\"visibility\", \"visible\");    }    function aiResizeIframeHeight(height) { aiResizeIframeHeight(height,advanced_iframe); }    function aiResizeIframeHeightId(height,width,id) {aiResizeIframeHeightById(id,height);}<\/script><iframe id=\"advanced_iframe\"  name=\"advanced_iframe\"  src=\"https:\/\/www.odon.edu.uy\/atlashistologia\/47\/47.htm\"  width=\"100%\"  height=\"600\"  frameborder=\"0\"  border=\"0\"  allowtransparency=\"true\"  loading=\"lazy\"  style=\";border-width: 0px;;border: none;;width:100%;height:600px;\" ><\/iframe><script type=\"text\/javascript\">var ifrm_advanced_iframe = document.getElementById(\"advanced_iframe\");var hiddenTabsDoneadvanced_iframe = false;\nfunction resizeCallbackadvanced_iframe() {}<\/script><script type=\"text\/javascript\"><\/script><p style=\"display:block !important; visibility:visible !important;margin: -18px 14px 0 0;padding-left: 3px;padding-top:3px;background: white; overflow: hidden; position: relative; line-height:15px;width: fit-content;\"><small style=\"display:block !important;visibility:visible !important\">powered by Advanced iFrame<\/small><\/p>[\/vc_column_text][\/vc_column][\/vc_row][vc_row][vc_column][vc_column_text]<strong>Preparado 47: Lengua (HE)<\/strong><\/p>\n<p><strong><u>Aspectos t\u00e9cnicos del preparado<\/u><\/strong><\/p>\n<p>Este preparado fue fijado en formol al 10% e incluido en parafina para su posterior corte y coloraci\u00f3n. Fue cortado en micr\u00f3tomo convencional con un grosor aproximado de 7 micras, y se realiz\u00f3 la coloraci\u00f3n de Hematoxilina y Eosina para posibilitar la identificaci\u00f3n de estructuras diversas.<\/p>\n<p><strong>Objetivo espec\u00edfico del preparado:<\/strong><\/p>\n<p>El Objetivo de este preparado es observar los componentes histol\u00f3gicos de la lengua, En este caso, al estar coloreada con una t\u00e9cnica panor\u00e1mica como es la coloraci\u00f3n de Hematoxilina y Eosina (HE), nos permite evidenciar los caracteres histol\u00f3gicos generales de la mucosa lingual, de las c\u00e9lulas musculares estriadas esquel\u00e9ticas que forman a los m\u00fasculos linguales y las caracter\u00edsticas de los tejidos conjuntivos que los conectan.<\/p>\n<p>En el sector correspondiente a la MUCOSA LINGUAL, podemos observar las papilas gustativas (filiformes y fungiformes), que se ubican en la cara dorsal del \u00f3rgano, y como toda mucosa posee tejido epitelial de revestimiento (estratificado plano con o sin queratina dependiendo del sector), una interfase que relaciona epitelio y conjuntivo, y un tejido conjuntivo subyacente, el cual es relativamente laxo.<\/p>\n<p>En la profundidad veremos fasc\u00edculos musculares de diferentes orientaciones, y por eso se ven c\u00e9lulas musculares estriadas esquel\u00e9ticas cortadas transversal y longitudinalmente, en ambos sectores pueden identificarse los n\u00facleos de localizaci\u00f3n perif\u00e9rica, elemento clave para su diagn\u00f3stico. En los cortes transversales tambi\u00e9n podemos evidenciar a las miofibrillas que se aprecian como peque\u00f1os puntos, que en algunos sectores las miofibrillas pueden agruparse, formando los llamados campos de Conheim. En los cortes longitudinales de las c\u00e9lulas musculares estriadas esquel\u00e9ticas pueden apreciarse las llamadas estriaciones transversales, las cuales se muestran como un bandeado de mayor y menor intensidad del colorante, lo cual permite evidenciar la caracter\u00edstica estriaci\u00f3n transversal de las c\u00e9lulas musculares estriadas esquel\u00e9ticas.<\/p>\n<p>Tanto en los fasc\u00edculos que vemos en cortes transversales como longitudinales, vamos a observar tejido conjuntivo que se sistematiza de manera diversa de acuerdo a con quien se relacione (m\u00fasculo, fasc\u00edculo muscular o c\u00e9lula muscular), presentando elementos estructurales caracter\u00edsticos dependiendo que corresponde al endomisio, perimisio y epimisio. Entre los fasc\u00edculos pueden observarse logias de tejido adiposo con los caracteres t\u00edpicos del tejido en el organismo humano.<\/p>\n<p><strong>Utilidad Acad\u00e9mica<\/strong><\/p>\n<p>Este segmento refiere a la utilidad que el preparado tiene en relaci\u00f3n a los cursos de las carreras en la cuales participa Histolog\u00eda de la Facultad de Odontolog\u00eda de la Udelar.<\/p>\n<p>Este preparado, en el marco de la actividad curricular de Histolog\u00eda BMF en la carrera de Dr. en Odontolog\u00eda de la Facultad de Odontolog\u00eda de la Udelar, es observado en el curso de BBO 1, tanto cuando abordamos el tejido conjuntivo al ver el tejido adiposo, as\u00ed como cuando abordamos el tejido muscular estriado esquel\u00e9tico en el m\u00f3dulo correspondiente.<\/p>\n<p>Adem\u00e1s lo utilizamos en el curso de BBO2, con la finalidad de analizar las caracter\u00edsticas histol\u00f3gicas de la MUCOSA ESPECIALIZADA en el momento que abordamos en tema de mucosa en el trasncurso del segundo semestre de cada a\u00f1o.<\/p>\n<p style=\"font-weight: 400;\"><strong><u>Link al v\u00eddeo de apoyo<\/u><\/strong><\/p>\n<p>[\/vc_column_text][\/vc_column][\/vc_row]<\/p>\n<\/div>","protected":false},"excerpt":{"rendered":"<p>[vc_row][vc_column][vc_column_text][\/vc_column_text][\/vc_column][\/vc_row][vc_row][vc_column][vc_column_text]Preparado 47: Lengua (HE) Aspectos t\u00e9cnicos del preparado Este preparado fue fijado en formol al 10% e incluido en parafina para su posterior corte y coloraci\u00f3n. Fue cortado en micr\u00f3tomo convencional con un grosor aproximado de 7 micras, y se realiz\u00f3 la coloraci\u00f3n de Hematoxilina y Eosina para posibilitar la identificaci\u00f3n de estructuras diversas. Objetivo [&hellip;]<\/p>\n","protected":false},"author":1,"featured_media":0,"parent":0,"menu_order":0,"comment_status":"closed","ping_status":"closed","template":"","meta":{"_vp_format_video_url":"","_vp_image_focal_point":[],"footnotes":""},"categories":[197],"tags":[],"class_list":["post-14341","page","type-page","status-publish","hentry","category-atlashistologia"],"_links":{"self":[{"href":"https:\/\/odon.edu.uy\/sitio\/wp-json\/wp\/v2\/pages\/14341","targetHints":{"allow":["GET"]}}],"collection":[{"href":"https:\/\/odon.edu.uy\/sitio\/wp-json\/wp\/v2\/pages"}],"about":[{"href":"https:\/\/odon.edu.uy\/sitio\/wp-json\/wp\/v2\/types\/page"}],"author":[{"embeddable":true,"href":"https:\/\/odon.edu.uy\/sitio\/wp-json\/wp\/v2\/users\/1"}],"replies":[{"embeddable":true,"href":"https:\/\/odon.edu.uy\/sitio\/wp-json\/wp\/v2\/comments?post=14341"}],"version-history":[{"count":3,"href":"https:\/\/odon.edu.uy\/sitio\/wp-json\/wp\/v2\/pages\/14341\/revisions"}],"predecessor-version":[{"id":16404,"href":"https:\/\/odon.edu.uy\/sitio\/wp-json\/wp\/v2\/pages\/14341\/revisions\/16404"}],"wp:attachment":[{"href":"https:\/\/odon.edu.uy\/sitio\/wp-json\/wp\/v2\/media?parent=14341"}],"wp:term":[{"taxonomy":"category","embeddable":true,"href":"https:\/\/odon.edu.uy\/sitio\/wp-json\/wp\/v2\/categories?post=14341"},{"taxonomy":"post_tag","embeddable":true,"href":"https:\/\/odon.edu.uy\/sitio\/wp-json\/wp\/v2\/tags?post=14341"}],"curies":[{"name":"wp","href":"https:\/\/api.w.org\/{rel}","templated":true}]}}