{"id":9991,"date":"2024-03-22T13:53:13","date_gmt":"2024-03-22T13:53:13","guid":{"rendered":"https:\/\/odon.edu.uy\/nuevo1\/?page_id=9991"},"modified":"2025-08-05T18:50:41","modified_gmt":"2025-08-05T18:50:41","slug":"agenda","status":"publish","type":"page","link":"https:\/\/odon.edu.uy\/sitio\/agenda\/","title":{"rendered":"Agenda"},"content":{"rendered":"<div class=\"wpb-content-wrapper\"><p>[vc_row css=&#8221;.vc_custom_1727365730632{margin-top: -150px !important;}&#8221;][vc_column][vc_empty_space height=&#8221;100px&#8221;][\/vc_column][\/vc_row][vc_row][vc_column width=&#8221;2\/3&#8243;][vc_column_text]<\/p>\n<h1><strong>AGENDA<\/strong><\/h1>\n<p><span style=\"font-weight: 400;\">Por el momento se encuentra abierta \u00fanicamente la agenda de extracciones para personas adultas. La agenda para iniciar tratamientos est\u00e1 cerrada debido a que la Facultad de Odontolog\u00eda tiene lista de espera de pacientes.\u00a0<\/span><\/p>\n<p><span style=\"font-weight: 400;\">Se informar\u00e1 a la poblaci\u00f3n cuando la agenda se abra nuevamente.\u00a0<\/span>[\/vc_column_text][vc_row_inner][vc_column_inner][vc_btn title=&#8221;IR A AGENDA&#8221; style=&#8221;custom&#8221; custom_background=&#8221;#009bac&#8221; custom_text=&#8221;#ffffff&#8221; shape=&#8221;square&#8221; size=&#8221;lg&#8221; align=&#8221;center&#8221; button_block=&#8221;true&#8221; link=&#8221;url:https%3A%2F%2Fagendaweb.udelar.edu.uy%2FReservaWeb%2Ffaces%2Findex.xhtml&#8221; el_class=&#8221;boton-general&#8221;][\/vc_column_inner][\/vc_row_inner][\/vc_column][vc_column width=&#8221;1\/3&#8243;][vc_raw_html]JTNDZGl2JTIwc3R5bGUlM0QlMjJiYWNrZ3JvdW5kLWNvbG9yJTNBJTIzZWZmNGY1JTNCJTIwcGFkZGluZyUzQSUyMDIwcHglM0IlMjIlM0UlMEElMDklMEElMDklM0NkaXYlMjBjbGFzcyUzRCUyMnJ0aW4taXRlbSUyMiUyMHN0eWxlJTNEJTIyYmFja2dyb3VuZC1jb2xvciUzQSUyM2VmZjRmNSUzQiUyMiUzRSUwQSUwQSUwOSUwOSUwOSUwOSUwOSUzQ2RpdiUyMGNsYXNzJTNEJTIybWVkaWEtYm9keSUyMHJ0aW4tY29udGVudC1hcmVhJTIyJTNFJTBBJTA5JTA5JTA5JTA5JTA5JTA5JTA5JTNDaDMlM0UlM0NhJTIwaHJlZiUzRCUyMiUyMyUyMiUzRSUzQyUyRmElM0UlM0MlMkZoMyUzRSUwQSUwOSUwOSUwOSUwOSUwOSUwOSUwOSUzQ2RpdiUyMGNsYXNzJTNEJTIycnRpbi1jb250ZW50JTIyJTNFJTBBJTA5JTA5JTA5JTA5JTA5JTA5JTA5JTNDcCUzRSUzQ2gzJTNFQWRtaXNpJUMzJUIzbiUyMHklMjBSZWdpc3RybyUzQyUyRmgzJTNFJTBBJTA5JTA5JTA5JTA5JTA5JTA5JTA5UGxhbnRhJTIwQmFqYSUyMCU3QyUyMDI0ODclMjAzMDQ4JTIwaW50LjExOCUzQ2JyJTNFJTBBJTIwJTIwJTIwJTIwJTIwJTIwJTIwJTIwJTIwJTIwJTIwJTIwJTIwJTIwJTIwJTIwJTIwJTIwJTIwJTIwJTIwJTIwJTIwJTIwJTIwJTIwJTIwJTIwJTIwJTIwJTIwJTIwJTIwJTIwJTIwJTIwJTIwJTIwJTIwJTIwJTIwJTIwJTIwJTIwJTIwJTIwJTIwJTIwJTIwJTIwJTIwJTIwJTIwJTIwJTIwJTIwc2VydmljaW9yZWdpc3RybyU0MG9kb24uZWR1LnV5JTNDYnIlM0UlMEElMjAlMjAlMjAlMjAlMjAlMjAlMjAlMjAlMjAlMjAlMjAlMjAlMjAlMjAlMjAlMjAlMjAlMjAlMjAlMjAlMjAlMjAlMjAlMjAlMjAlMjAlMjAlMjAlMjAlMjAlMjAlMjAlMjAlMjAlMjAlMjAlMjAlMjAlMjAlMjAlMjAlMjAlMjAlMjAlMjAlMjAlMjAlMjAlMjAlMjAlMjAlMjAlMjAlMjAlMjAlMjBMdW5lcyUyMGElMjB2aWVybmVzJTNBJTIwc2UlMjBhdGllbmRlJTIwYSUyMGxhcyUyMDhocyUzQ2JyJTNFJTBBJTIwJTIwJTIwJTIwJTIwJTIwJTIwJTIwJTIwJTIwJTIwJTIwJTIwJTIwJTIwJTIwJTIwJTIwJTIwJTIwJTIwJTIwJTIwJTIwJTIwJTIwJTIwJTIwJTIwJTIwJTIwJTIwJTIwJTIwJTIwJTIwJTIwJTIwJTIwJTIwJTIwJTIwJTIwJTIwJTIwJTIwJTIwJTIwJTIwJTIwJTIwJTIwJTIwJTIwJTIwJTIwTHVuZXMlMkMlMjBtaSVDMyVBOXJjb2xlcyUyMHklMjBqdWV2ZXMlM0ElMjBzZSUyMGF0aWVuZGUlMjBhJTIwbGFzJTIwMTRocyUzQ2JyJTNFJTBBJTIwJTIwJTIwJTIwJTIwJTIwJTIwJTIwJTIwJTIwJTIwJTIwJTIwJTIwJTIwJTIwJTIwJTIwJTIwJTIwJTIwJTIwJTIwJTIwJTIwJTIwJTIwJTIwJTIwJTIwJTIwJTIwJTIwJTIwJTIwJTIwJTIwJTIwJTIwJTIwJTIwJTIwJTIwJTIwJTIwJTIwJTIwJTIwJTIwJTIwJTIwJTIwJTIwJTIwJTIwJTIwTHVuZXMlMjB5JTIwanVldmVzJTNBJTIwc2UlMjBhdGllbmRlJTIwYSUyMGxhcyUyMDE4JTNBMzBocyUzQ2JyJTNFJTBBJTIwJTIwJTIwJTIwJTIwJTIwJTIwJTIwJTIwJTIwJTIwJTIwJTIwJTIwJTIwJTIwJTIwJTIwJTIwJTIwJTIwJTIwJTIwJTIwJTIwJTIwJTIwJTIwJTIwJTIwJTIwJTIwJTIwJTIwJTIwJTIwJTIwJTIwJTIwJTIwJTIwJTIwJTIwJTIwJTIwJTIwJTIwJTIwJTIwJTIwJTIwJTIwJTIwJTIwJTIwJTIwJTNDYnIlM0UlMEElMjAlMjAlMjAlMjAlMjAlMjAlMjAlMjAlMjAlMjAlMjAlMjAlMjAlMjAlMjAlMjAlMjAlMjAlMjAlMjAlMjAlMjAlMjAlMjAlMjAlMjAlMjAlMjAlMjAlMjAlMjAlMjAlMjAlMjAlMjAlMjAlMjAlMjAlMjAlMjAlMjAlMjAlMjAlMjAlMjAlMjAlMjAlMjAlMjAlMjAlMjAlMjAlMjAlMjAlMjAlMjAlM0NoMyUzRVRlc29yZXIlQzMlQURhJTNDJTJGaDMlM0UlMEElMjAlMjAlMjAlMjAlMjAlMjAlMjAlMjAlMjAlMjAlMjAlMjAlMjAlMjAlMjAlMjAlMjAlMjAlMjAlMjAlMjAlMjAlMjAlMjAlMjAlMjAlMjAlMjAlMjAlMjAlMjAlMjAlMjAlMjAlMjAlMjAlMjAlMjAlMjAlMjAlMjAlMjAlMjAlMjAlMjAlMjAlMjAlMjAlMjAlMjAlMjAlMjAlMjAlMjAlMjAlMjBQbGFudGElMjBCYWphJTIwJTdDJTIwMjQ4NyUyMDMwNDglMjBpbnQuMTE0JTNDYnIlM0UlMEElMjAlMjAlMjAlMjAlMjAlMjAlMjAlMjAlMjAlMjAlMjAlMjAlMjAlMjAlMjAlMjAlMjAlMjAlMjAlMjAlMjAlMjAlMjAlMjAlMjAlMjAlMjAlMjAlMjAlMjAlMjAlMjAlMjAlMjAlMjAlMjAlMjAlMjAlMjAlMjAlMjAlMjAlMjAlMjAlMjAlMjAlMjAlMjAlMjAlMjAlMjAlMjAlMjAlMjAlMjAlMjB0ZXNvcmVyJTQwb2Rvbi5lZHUudXklM0NiciUzRSUwQSUyMCUyMCUyMCUyMCUyMCUyMCUyMCUyMCUyMCUyMCUyMCUyMCUyMCUyMCUyMCUyMCUyMCUyMCUyMCUyMCUyMCUyMCUyMCUyMCUyMCUyMCUyMCUyMCUyMCUyMCUyMCUyMCUyMCUyMCUyMCUyMCUyMCUyMCUyMCUyMCUyMCUyMCUyMCUyMCUyMCUyMCUyMCUyMCUyMCUyMCUyMCUyMCUyMCUyMCUyMCUyMEx1bmVzJTIwYSUyMHZpZXJuZXMlMjAxMCUyMGElMjAxM2hzJTIweSUyMDE0JTIwYSUyMDE2aHMlM0MlMkZwJTNFJTNDJTJGZGl2JTNFJTBBJTA5JTA5JTA5JTA5JTA5JTA5JTIwJTIwJTIwJTIwJTIwJTIwJTIwJTIwJTNDaHIlM0UlMEElMDklMDklMDklMDklMDklM0MlMkZkaXYlM0UlMEElMDklMDklMDklMDklMDklMEElMEElMDklM0MlMkZkaXYlM0UlMEElM0MlMkZkaXYlM0U=[\/vc_raw_html][\/vc_column][\/vc_row][vc_row][vc_column][vc_tta_accordion shape=&#8221;square&#8221; color=&#8221;turquoise&#8221; active_section=&#8221;-1&#8243; collapsible_all=&#8221;true&#8221; el_class=&#8221;acordeon-odon&#8221;][vc_tta_section title=&#8221;\u00bfQu\u00e9 pasos sigo una vez que ingreso a la agenda?&#8221; tab_id=&#8221;1725027584357-a358c511-5d1f&#8221;][vc_column_text]<\/p>\n<ol>\n<li style=\"font-weight: 400;\" aria-level=\"1\"><span style=\"font-weight: 400;\">Acced\u00e9 a la <\/span><a href=\"https:\/\/agendaweb.udelar.edu.uy\/\"><span style=\"font-weight: 400;\">agenda web<\/span><\/a><\/li>\n<li style=\"font-weight: 400;\" aria-level=\"1\"><span style=\"font-weight: 400;\">Eleg\u00ed <\/span><i><span style=\"font-weight: 400;\">Facultad de Odontolog\u00eda<\/span><\/i><span style=\"font-weight: 400;\"> y luego <\/span><i><span style=\"font-weight: 400;\">Servicio de Admisi\u00f3n y Registro Facultad de Odontolog\u00eda<\/span><\/i><\/li>\n<li style=\"font-weight: 400;\" aria-level=\"1\"><span style=\"font-weight: 400;\">Eleg\u00ed un turno disponible (los campos en verde son los turnos disponibles)<\/span><\/li>\n<\/ol>\n<p><span style=\"font-weight: 400;\">A mitad de mes se agregar\u00e1 la disponibilidad del siguiente mes.<\/span>[\/vc_column_text][\/vc_tta_section][vc_tta_section title=&#8221;\u00bfC\u00f3mo puedo registrarme para extracciones?&#8221; tab_id=&#8221;1725027584357-c7ded5a1-f2f7&#8243;][vc_column_text]<\/p>\n<ul>\n<li aria-level=\"1\"><span style=\"font-weight: 400;\">Acced\u00e9 a la <\/span><a href=\"https:\/\/agendaweb.udelar.edu.uy\/\"><span style=\"font-weight: 400;\">agenda web<\/span><\/a><\/li>\n<li aria-level=\"1\"><span style=\"font-weight: 400;\">Eleg\u00ed <\/span><i><span style=\"font-weight: 400;\">Facultad de Odontolog\u00eda<\/span><\/i><span style=\"font-weight: 400;\"> y luego <\/span><i><span style=\"font-weight: 400;\">Extracciones<\/span><\/i><\/li>\n<\/ul>\n<p><span style=\"font-weight: 400;\">Consultas: mesadeayuda@odon.edu.uy<\/span>[\/vc_column_text][\/vc_tta_section][vc_tta_section title=&#8221;\u00bfTiene alg\u00fan costo la atenci\u00f3n?&#8221; tab_id=&#8221;1725027645472-411f9483-2a3d&#8221;][vc_column_text]<span style=\"font-weight: 400;\">La primera consulta es gratuita, pero la derivaci\u00f3n a alguna de las cl\u00ednicas de la facultad s\u00ed tiene costo. Las prestaciones que realiza la instituci\u00f3n tienen un costo establecido por arancel, al que pod\u00e9s acceder a trav\u00e9s de nuestro sitio web o pod\u00e9s consultar directamente en <\/span><a href=\"https:\/\/odon.edu.uy\/web\/index.php\/tesoreria\/\"><span style=\"font-weight: 400;\">Tesorer\u00eda<\/span><\/a><span style=\"font-weight: 400;\">. <\/span>[\/vc_column_text][\/vc_tta_section][vc_tta_section title=&#8221;\u00bfQu\u00e9 es el documento de consentimiento informado y por qu\u00e9 debo firmarlo?&#8221; tab_id=&#8221;1727891378821-3d078e4e-836c&#8221;][vc_column_text]<span style=\"font-weight: 400;\">Para recibir atenci\u00f3n odontol\u00f3gica, debes firmar un <\/span><a href=\"https:\/\/odon.edu.uy\/sitios\/registro\/wp-content\/uploads\/sites\/38\/2022\/08\/FO-Consentmiento-agosto-2022.pdf\"><span style=\"font-weight: 400;\">documento de consentimiento informado<\/span><\/a><span style=\"font-weight: 400;\"> que ser\u00e1 proporcionado por el\/a estudiante o doctor\/a que te atienda.\u00a0<\/span><\/p>\n<p><span style=\"font-weight: 400;\">Este documento se utiliza en el \u00e1mbito de la medicina, la odontolog\u00eda, la investigaci\u00f3n cient\u00edfica y otros campos relacionados para informar a una persona sobre los detalles relevantes de un procedimiento determinado y para obtener su consentimiento voluntario y consciente para participar o someterse a dicha acci\u00f3n.<\/span><\/p>\n<p><span style=\"font-weight: 400;\">El documento de consentimiento informado garantiza que las personas tengan la autonom\u00eda para tomar decisiones informadas sobre su propia salud y participaci\u00f3n en actividades m\u00e9dicas o de investigaci\u00f3n. <\/span>[\/vc_column_text][\/vc_tta_section][\/vc_tta_accordion][vc_empty_space][\/vc_column][\/vc_row][vc_row][vc_column][\/vc_column][\/vc_row]<\/p>\n<\/div>","protected":false},"excerpt":{"rendered":"<p>[vc_row css=&#8221;.vc_custom_1727365730632{margin-top: -150px !important;}&#8221;][vc_column][vc_empty_space height=&#8221;100px&#8221;][\/vc_column][\/vc_row][vc_row][vc_column width=&#8221;2\/3&#8243;][vc_column_text] AGENDA Por el momento se encuentra abierta \u00fanicamente la agenda de extracciones para personas adultas. La agenda para iniciar tratamientos est\u00e1 cerrada debido a que la Facultad de Odontolog\u00eda tiene lista de espera de pacientes.\u00a0 Se informar\u00e1 a la poblaci\u00f3n cuando la agenda se abra nuevamente.\u00a0[\/vc_column_text][vc_row_inner][vc_column_inner][vc_btn title=&#8221;IR A AGENDA&#8221; [&hellip;]<\/p>\n","protected":false},"author":1,"featured_media":0,"parent":0,"menu_order":0,"comment_status":"closed","ping_status":"closed","template":"","meta":{"_vp_format_video_url":"","_vp_image_focal_point":[],"footnotes":""},"categories":[],"tags":[],"class_list":["post-9991","page","type-page","status-publish","hentry"],"_links":{"self":[{"href":"https:\/\/odon.edu.uy\/sitio\/wp-json\/wp\/v2\/pages\/9991","targetHints":{"allow":["GET"]}}],"collection":[{"href":"https:\/\/odon.edu.uy\/sitio\/wp-json\/wp\/v2\/pages"}],"about":[{"href":"https:\/\/odon.edu.uy\/sitio\/wp-json\/wp\/v2\/types\/page"}],"author":[{"embeddable":true,"href":"https:\/\/odon.edu.uy\/sitio\/wp-json\/wp\/v2\/users\/1"}],"replies":[{"embeddable":true,"href":"https:\/\/odon.edu.uy\/sitio\/wp-json\/wp\/v2\/comments?post=9991"}],"version-history":[{"count":23,"href":"https:\/\/odon.edu.uy\/sitio\/wp-json\/wp\/v2\/pages\/9991\/revisions"}],"predecessor-version":[{"id":18770,"href":"https:\/\/odon.edu.uy\/sitio\/wp-json\/wp\/v2\/pages\/9991\/revisions\/18770"}],"wp:attachment":[{"href":"https:\/\/odon.edu.uy\/sitio\/wp-json\/wp\/v2\/media?parent=9991"}],"wp:term":[{"taxonomy":"category","embeddable":true,"href":"https:\/\/odon.edu.uy\/sitio\/wp-json\/wp\/v2\/categories?post=9991"},{"taxonomy":"post_tag","embeddable":true,"href":"https:\/\/odon.edu.uy\/sitio\/wp-json\/wp\/v2\/tags?post=9991"}],"curies":[{"name":"wp","href":"https:\/\/api.w.org\/{rel}","templated":true}]}}