{"id":11,"date":"2017-09-22T11:41:39","date_gmt":"2017-09-22T11:41:39","guid":{"rendered":"http:\/\/odon.edu.uy\/sitios\/pmm\/?page_id=11"},"modified":"2017-12-04T20:20:17","modified_gmt":"2017-12-04T20:20:17","slug":"datos-generales","status":"publish","type":"page","link":"https:\/\/odon.edu.uy\/sitios\/pmm\/","title":{"rendered":"Datos Generales"},"content":{"rendered":"<p style=\"text-align: justify\">La <em>Patolog\u00eda Molecular<\/em> es una disciplina emergente en la Patolog\u00eda la cual se enfoca al estudio y diagn\u00f3stico de la enfermedad a trav\u00e9s de la examinaci\u00f3n de mol\u00e9culas en \u00f3rganos, tejidos y fluidos. La Patolog\u00eda Molecular comparte algunos aspectos de anatom\u00eda patol\u00f3gica, patolog\u00eda cl\u00ednica, biolog\u00eda molecular, bioqu\u00edmica, prote\u00f3mica y gen\u00e9tica. Es una materia de naturaleza multidisciplinaria enfoc\u00e1ndose principalmente a aspectos submicroscopicos de la enfermedad. Una consideraci\u00f3n clave es que el diagn\u00f3stico m\u00e1s preciso es posible cuando el mismo se basa tanto en los cambios morfol\u00f3gicos en los tejidos (patolog\u00eda anat\u00f3mica tradicional) y en las pruebas moleculares.<br \/>\nEn el \u00e1rea de Patolog\u00eda Molecular de la Facultad de Odontolog\u00eda de la Universidad de la Rep\u00fablica del Uruguay, se trabajan varios aspectos de la Patolog\u00eda Bucal (anatom\u00eda patol\u00f3gica y medicina bucal) bajo un enfoque molecular apoy\u00e1ndose principalmente en t\u00e9cnicas de inmunohistoqu\u00edmica, western blot y reacci\u00f3n en cadena de la polimerasa.<\/p>\n<p>El laboratorio de Patolog\u00eda Molecular Estomatol\u00f3gica realiza rutinariamente t\u00e9cnica de inmunohistoqu\u00edmica, PCR real time, PCR <em>in situ<\/em> e Hibridaci\u00f3n <em>in situ, <\/em>con fines de investigaci\u00f3n, docencia y servicio.<\/p>\n<p>&nbsp;<\/p>\n<p><em>Prof. Ronell Bologna, PhD<\/em><\/p>\n<p>Sistema Nacional de Investigadores\u00a0 (ANII) Nivel 2<\/p>\n<p>Sistema Nacional de Investigadores\u00a0 (CONACyT) Nivel 2<\/p>\n<p>Investigador Activo PEDECIBA Nivel 4<\/p>\n<p>International Association of Oral Pathologists (Councillor for Latin America and Caribbean)<\/p>\n<p>Oral Diseases, Associate Editor<\/p>\n<p>&nbsp;<\/p>\n<p>&nbsp;<\/p>\n<p>&nbsp;<\/p>\n","protected":false},"excerpt":{"rendered":"<p>La Patolog\u00eda Molecular es una disciplina emergente en la Patolog\u00eda la cual se enfoca al estudio y diagn\u00f3stico de la enfermedad a trav\u00e9s de la examinaci\u00f3n de mol\u00e9culas en \u00f3rganos, tejidos y fluidos. La Patolog\u00eda Molecular comparte algunos aspectos de anatom\u00eda patol\u00f3gica, patolog\u00eda cl\u00ednica, biolog\u00eda molecular, bioqu\u00edmica, prote\u00f3mica y gen\u00e9tica. Es una materia de naturaleza [&hellip;]<\/p>\n","protected":false},"author":1,"featured_media":0,"parent":0,"menu_order":0,"comment_status":"closed","ping_status":"closed","template":"","meta":{"footnotes":""},"_links":{"self":[{"href":"https:\/\/odon.edu.uy\/sitios\/pmm\/wp-json\/wp\/v2\/pages\/11"}],"collection":[{"href":"https:\/\/odon.edu.uy\/sitios\/pmm\/wp-json\/wp\/v2\/pages"}],"about":[{"href":"https:\/\/odon.edu.uy\/sitios\/pmm\/wp-json\/wp\/v2\/types\/page"}],"author":[{"embeddable":true,"href":"https:\/\/odon.edu.uy\/sitios\/pmm\/wp-json\/wp\/v2\/users\/1"}],"replies":[{"embeddable":true,"href":"https:\/\/odon.edu.uy\/sitios\/pmm\/wp-json\/wp\/v2\/comments?post=11"}],"version-history":[{"count":9,"href":"https:\/\/odon.edu.uy\/sitios\/pmm\/wp-json\/wp\/v2\/pages\/11\/revisions"}],"predecessor-version":[{"id":237,"href":"https:\/\/odon.edu.uy\/sitios\/pmm\/wp-json\/wp\/v2\/pages\/11\/revisions\/237"}],"wp:attachment":[{"href":"https:\/\/odon.edu.uy\/sitios\/pmm\/wp-json\/wp\/v2\/media?parent=11"}],"curies":[{"name":"wp","href":"https:\/\/api.w.org\/{rel}","templated":true}]}}