{"id":148,"date":"2017-11-27T13:53:38","date_gmt":"2017-11-27T13:53:38","guid":{"rendered":"http:\/\/odon.edu.uy\/sitios\/pmm\/?page_id=148"},"modified":"2017-12-04T12:00:27","modified_gmt":"2017-12-04T12:00:27","slug":"grupo-de-investigacion-en-patologia-y-morfologia-molecular","status":"publish","type":"page","link":"https:\/\/odon.edu.uy\/sitios\/pmm\/grupo-de-investigacion-en-patologia-y-morfologia-molecular\/","title":{"rendered":"GRUPO DE INVESTIGACI\u00d3N EN PATOLOG\u00cdA MOLECULAR ESTOMATOL\u00d3GICA"},"content":{"rendered":"<p>La Patolog\u00eda Molecular es una disciplina emergente en la Patolog\u00eda la cual se enfoca al estudio y diagn\u00f3stico de la enfermedad a trav\u00e9s de la examinaci\u00f3n de mol\u00e9culas en \u00f3rganos, tejidos y fluidos. La Patolog\u00eda Molecular comparte algunos aspectos de anatom\u00eda patol\u00f3gica, patolog\u00eda cl\u00ednica, biolog\u00eda molecular, bioqu\u00edmica, prote\u00f3mica y gen\u00e9tica. Es una materia de naturaleza multidisciplinaria enfoc\u00e1ndose principalmente a aspectos submicroscopicos de la enfermedad. Una consideraci\u00f3n clave es que el diagn\u00f3stico m\u00e1s preciso es posible cuando el mismo se basa tanto en los cambios morfol\u00f3gicos en los tejidos (patolog\u00eda anat\u00f3mica tradicional) y en las pruebas moleculares.<br \/>\nEn el \u00e1rea de Patolog\u00eda Molecular de la Facultad de Odontolog\u00eda de la Universidad de la Rep\u00fablica del Uruguay, se trabajan varios aspectos de la Patolog\u00eda Bucal bajo un enfoque molecular apoy\u00e1ndose principalmente en t\u00e9cnicas de inmunohistoqu\u00edmica, western blot y reacci\u00f3n en cadena de la polimerasa.<br \/>\nActualmente el responsable de esta \u00e1rea es el Prof. Dr. Ronell Bologna-Molina, en dicha \u00e1rea se cre\u00f3 el grupo de investigaci\u00f3n registrado ante la Comisi\u00f3n Sectorial de Investigaci\u00f3n Cient\u00edfica (CSIC) con el numero 881880 y denominado \u201cPatolog\u00eda y Morfolog\u00eda Molecular\u201d.<br \/>\nEl grupo CSIC 881880 est\u00e1 conformado principalmente por miembros del \u00e1rea de Patolog\u00eda Molecular Estomatol\u00f3gica, c\u00e1tedra de Histolog\u00eda, c\u00e1tedra de Periodoncia y miembros extranjeros de diversas universidades expertos en el \u00e1rea de la Patolog\u00eda y Medicina Bucal.<\/p>\n<p><img decoding=\"async\" class=\"alignleft\" src=\"http:\/\/odon.edu.uy\/sitios\/pmm\/wp-content\/uploads\/sites\/43\/2017\/09\/investigacionlogo.jpg\" \/><\/p>\n<p>&nbsp;<\/p>\n","protected":false},"excerpt":{"rendered":"<p>La Patolog\u00eda Molecular es una disciplina emergente en la Patolog\u00eda la cual se enfoca al estudio y diagn\u00f3stico de la enfermedad a trav\u00e9s de la examinaci\u00f3n de mol\u00e9culas en \u00f3rganos, tejidos y fluidos. La Patolog\u00eda Molecular comparte algunos aspectos de anatom\u00eda patol\u00f3gica, patolog\u00eda cl\u00ednica, biolog\u00eda molecular, bioqu\u00edmica, prote\u00f3mica y gen\u00e9tica. Es una materia de naturaleza [&hellip;]<\/p>\n","protected":false},"author":43,"featured_media":0,"parent":0,"menu_order":0,"comment_status":"closed","ping_status":"closed","template":"","meta":{"footnotes":""},"_links":{"self":[{"href":"https:\/\/odon.edu.uy\/sitios\/pmm\/wp-json\/wp\/v2\/pages\/148"}],"collection":[{"href":"https:\/\/odon.edu.uy\/sitios\/pmm\/wp-json\/wp\/v2\/pages"}],"about":[{"href":"https:\/\/odon.edu.uy\/sitios\/pmm\/wp-json\/wp\/v2\/types\/page"}],"author":[{"embeddable":true,"href":"https:\/\/odon.edu.uy\/sitios\/pmm\/wp-json\/wp\/v2\/users\/43"}],"replies":[{"embeddable":true,"href":"https:\/\/odon.edu.uy\/sitios\/pmm\/wp-json\/wp\/v2\/comments?post=148"}],"version-history":[{"count":5,"href":"https:\/\/odon.edu.uy\/sitios\/pmm\/wp-json\/wp\/v2\/pages\/148\/revisions"}],"predecessor-version":[{"id":186,"href":"https:\/\/odon.edu.uy\/sitios\/pmm\/wp-json\/wp\/v2\/pages\/148\/revisions\/186"}],"wp:attachment":[{"href":"https:\/\/odon.edu.uy\/sitios\/pmm\/wp-json\/wp\/v2\/media?parent=148"}],"curies":[{"name":"wp","href":"https:\/\/api.w.org\/{rel}","templated":true}]}}