{"id":19,"date":"2017-09-22T11:45:39","date_gmt":"2017-09-22T11:45:39","guid":{"rendered":"http:\/\/odon.edu.uy\/sitios\/pmm\/?page_id=19"},"modified":"2017-12-04T13:10:49","modified_gmt":"2017-12-04T13:10:49","slug":"proyectos","status":"publish","type":"page","link":"https:\/\/odon.edu.uy\/sitios\/pmm\/proyectos\/","title":{"rendered":"PROYECTOS"},"content":{"rendered":"<h4 style=\"text-align: justify\">El\u00a0\u00e1rea de Patolog\u00eda Molecular Estomatol\u00f3gica, cuenta con financiamientos externos provenientes de proyectos ganadores en llamados I+D (CSIC),\u00a0Fortalecimiento del equipamiento para investigaci\u00f3n (CSIC), Fondo SANTANDER (Fac. Odontolog\u00eda), con los cuales se sustentan las investigaciones del GRUPO. Por otra parte se cuentan con colaboraciones internacionales con diversos grupos extranjeros.<\/h4>\n<p style=\"text-align: justify\">Cabe destacar que de forma rutinaria se est\u00e1 participando en llamados CSIC y ANII.<\/p>\n<p style=\"text-align: justify\"><strong><em>En estos proyectos est\u00e1n insertados estudiantes de la Maestr\u00eda en Ciencias Odontol\u00f3gicas y Maestr\u00eda PROINBIO (UDELAR), y un estudiante de \u00a0Doctorado en Ciencias Biol\u00f3gicas y de la Salud (UAM-M\u00e9xico).<\/em><\/strong><\/p>\n<p style=\"text-align: justify\">Los proyectos actuales son:<\/p>\n<p style=\"text-align: justify\">1- Expresi\u00f3n de Citoqueratinas en ameloblastomas y g\u00e9rmenes dentarios.<\/p>\n<p style=\"text-align: justify\">2- Mol\u00e9culas de adhesi\u00f3n como marcadores de avance tumoral en carcinoma escamocelular de cavidad bucal.<\/p>\n<p style=\"text-align: justify\">3- Marcadores angiog\u00e9nicos, de adhesi\u00f3n y proliferaci\u00f3n celular en ameloblastoma y carcinoma ameloblastico.<\/p>\n<p style=\"text-align: justify\">4- Inmunoexpresi\u00f3n de prote\u00ednas amelobl\u00e1sticas en g\u00e9rmenes dentales y tumores odontog\u00e9nicos.<\/p>\n<p style=\"text-align: justify\">5.- Colaboraci\u00f3n con el desarrollo e implementaci\u00f3n del software DIAGNO LINUX Next-Generation Sequencing data.\u00a0(Iwate Medical University in Japan).<\/p>\n","protected":false},"excerpt":{"rendered":"<p>El\u00a0\u00e1rea de Patolog\u00eda Molecular Estomatol\u00f3gica, cuenta con financiamientos externos provenientes de proyectos ganadores en llamados I+D (CSIC),\u00a0Fortalecimiento del equipamiento para investigaci\u00f3n (CSIC), Fondo SANTANDER (Fac. Odontolog\u00eda), con los cuales se sustentan las investigaciones del GRUPO. Por otra parte se cuentan con colaboraciones internacionales con diversos grupos extranjeros. Cabe destacar que de forma rutinaria se est\u00e1 [&hellip;]<\/p>\n","protected":false},"author":1,"featured_media":0,"parent":0,"menu_order":0,"comment_status":"closed","ping_status":"closed","template":"","meta":{"footnotes":""},"_links":{"self":[{"href":"https:\/\/odon.edu.uy\/sitios\/pmm\/wp-json\/wp\/v2\/pages\/19"}],"collection":[{"href":"https:\/\/odon.edu.uy\/sitios\/pmm\/wp-json\/wp\/v2\/pages"}],"about":[{"href":"https:\/\/odon.edu.uy\/sitios\/pmm\/wp-json\/wp\/v2\/types\/page"}],"author":[{"embeddable":true,"href":"https:\/\/odon.edu.uy\/sitios\/pmm\/wp-json\/wp\/v2\/users\/1"}],"replies":[{"embeddable":true,"href":"https:\/\/odon.edu.uy\/sitios\/pmm\/wp-json\/wp\/v2\/comments?post=19"}],"version-history":[{"count":5,"href":"https:\/\/odon.edu.uy\/sitios\/pmm\/wp-json\/wp\/v2\/pages\/19\/revisions"}],"predecessor-version":[{"id":206,"href":"https:\/\/odon.edu.uy\/sitios\/pmm\/wp-json\/wp\/v2\/pages\/19\/revisions\/206"}],"wp:attachment":[{"href":"https:\/\/odon.edu.uy\/sitios\/pmm\/wp-json\/wp\/v2\/media?parent=19"}],"curies":[{"name":"wp","href":"https:\/\/api.w.org\/{rel}","templated":true}]}}